{"id":2084,"date":"2022-05-14T14:13:41","date_gmt":"2022-05-14T11:13:41","guid":{"rendered":"http:\/\/aari-forest.local\/?page_id=2084"},"modified":"2026-03-05T10:46:59","modified_gmt":"2026-03-05T08:46:59","slug":"metsasi-tulevaisuus","status":"publish","type":"page","link":"https:\/\/aarimetsa.fi\/en\/","title":{"rendered":"The future potential of your forest"},"content":{"rendered":"<div class=\"wp-block-getwid-section alignfull hero alignfull getwid-section-content-custom-width\" style=\"margin-bottom:10px\"><div class=\"wp-block-getwid-section__wrapper getwid-padding-top-large getwid-padding-bottom-large getwid-padding-left-medium getwid-padding-right-medium getwid-reset-min-height-tablet getwid-reset-min-height-mobile\" style=\"min-height:670px\"><div class=\"wp-block-getwid-section__inner-wrapper\" style=\"max-width:1100px\"><div class=\"wp-block-getwid-section__background-holder\"><div class=\"wp-block-getwid-section__background has-background has-custom-green-background-color\"><div class=\"wp-block-getwid-section__background-video-wrapper\"><div class=\"wp-block-getwid-section__background-video source-youtube scale-youtube-high\" youtube-video-url=\"https:\/\/www.youtube.com\/watch?v=DZnSs0bjVBI\" youtube-video-muted=\"true\" youtube-video-loop=\"true\" youtube-video-autoplay=\"true\"><div class=\"wp-block-getwid-section__background-video-youtube\"><\/div><\/div><\/div><\/div><div class=\"wp-block-getwid-section__foreground\" style=\"opacity:0;background-color:#f8f8f8\"><\/div><\/div><div class=\"wp-block-getwid-section__content\"><div class=\"wp-block-getwid-section__inner-content\">\n<div class=\"wp-block-getwid-advanced-heading\" style=\"margin-bottom:30px;margin-top:10px\"><h2 class=\"wp-block-getwid-advanced-heading__content has-text-color\" style=\"text-align:center;color:#ffffff\">THE BEST HOME FOR YOUR FOREST WITH RESPECT FOR NATURE, NOW AND IN THE FUTURE. <\/h2><\/div>\n\n\n\n<div class=\"wp-block-getwid-advanced-spacer\" style=\"height:20px\" aria-hidden=\"true\"><\/div>\n\n\n\n<div class=\"wp-block-buttons is-content-justification-center is-layout-flex wp-container-core-buttons-is-layout-a89b3969 wp-block-buttons-is-layout-flex\">\n<div class=\"wp-block-button is-style-outline is-style-outline--1\"><a class=\"wp-block-button__link has-background-color has-text-color wp-element-button\" href=\"https:\/\/aarimetsa.fi\/en\/forest-deal\/\">ask for an offer for your forest<\/a><\/div>\n\n\n\n<div class=\"wp-block-button is-style-outline is-style-outline--2\"><a class=\"wp-block-button__link has-background-color has-text-color wp-element-button\" href=\"https:\/\/aarimetsa.fi\/en\/common-forest\/\">Merge your property<\/a><\/div>\n\n\n\n<div class=\"wp-block-button is-style-outline is-style-outline--3\"><a class=\"wp-block-button__link has-background-color has-text-color wp-element-button\" href=\"https:\/\/aarimetsa.fi\/vastuullisuus\/\">Read about responsible forest management<\/a><\/div>\n<\/div>\n<\/div><\/div><\/div><\/div><\/div>\n\n\n\n<div class=\"wp-block-group alignwide is-centered is-layout-flow wp-block-group-is-layout-flow\">\n<div style=\"height:13px\" aria-hidden=\"true\" class=\"wp-block-spacer\"><\/div>\n\n\n\n<h2 class=\"wp-block-heading has-text-align-left\">What we do?<\/h2>\n\n\n\n<p>AARI Forest Oy is an independent, impartial, and active pioneer in the forestry sector, with AARI Common Forest, established in 2020, at the core of its operations. We have the best experts, tools, and expertise to increase the value of your forest now and in the future. We practice responsible forestry by combining natural values, today's income needs, and future value development. Our operations are clear and measurable, ensuring that as our client, you always know the status of your forest.<\/p>\n\n\n\n<p class=\"has-text-align-left\">AARI Forest Oy focuses on the acquisition and management of forest properties, taking nature values into account. Our customers are forest owners, for whom the economic yield of the forest is important, but not at any price. Our forest management model combines a balance between financial return, biodiversity, carbon sequestration of forests and recreational values.<\/p>\n\n\n\n<p class=\"has-text-align-left\">AARI Forest Oy acts as a forest manager for the following common forests: <br><br><strong><a href=\"https:\/\/aarimetsa.fi\/en\/common-forest\/\">AARI Common Forest <br><\/a><a href=\"https:\/\/www.lahitapiola.fi\/henkilo\/edut\/palvelumme-metsanomistajille\/yhteismetsa\" target=\"_blank\" rel=\"noreferrer noopener\">L\u00e4hiTapiola Common Forest<\/a><\/strong><\/p>\n\n\n\n<p class=\"has-text-align-left\">If you are considering selling a forest property or need a reliable partner to manage the forest, <strong><a href=\"https:\/\/aarimetsa.fi\/en\/contact-us\/\">Ask for a quote<\/a><\/strong><\/p>\n\n\n\n<p class=\"has-text-align-left\">Together with our sister company Conifer Consulting, we already manage over 145,000 hectares of forest assets. Since 2017, we have been Finland's leading buyer of forest properties. We have acquired over \u20ac780 million worth of forest assets for our clients. We continue to actively acquire properties \u2013 request an offer for your property and sell smoothly, reliably, and without brokerage fees.<\/p>\n\n\n\n<div style=\"height:13px\" aria-hidden=\"true\" class=\"wp-block-spacer\"><\/div>\n<\/div>\n\n\n\n\n\n<div class=\"wp-block-group alignfull has-background-color has-custom-green-background-color has-text-color has-background is-layout-flow wp-block-group-is-layout-flow\">\n<div class=\"wp-block-group alignwide is-layout-constrained wp-container-core-group-is-layout-f843088e wp-block-group-is-layout-constrained\">\n<div style=\"height:40px\" aria-hidden=\"true\" class=\"wp-block-spacer\"><\/div>\n\n\n\n<h2 class=\"wp-block-heading alignwide has-text-align-center has-background-color has-text-color\">How can we serve you?<\/h2>\n\n\n\n<div style=\"height:20px\" aria-hidden=\"true\" class=\"wp-block-spacer\"><\/div>\n\n\n\n<hr class=\"wp-block-separator has-text-color has-custom-yellow-color has-css-opacity has-custom-yellow-background-color has-background height-3 is-style-wide\"\/>\n\n\n\n<div style=\"height:20px\" aria-hidden=\"true\" class=\"wp-block-spacer\"><\/div>\n\n\n\n<div class=\"wp-block-columns alignwide three-forests is-layout-flex wp-container-core-columns-is-layout-28f84493 wp-block-columns-is-layout-flex\">\n<div class=\"wp-block-column text-center is-layout-flow wp-block-column-is-layout-flow\">\n<figure class=\"wp-block-image size-large\"><img decoding=\"async\" src=\"https:\/\/aarimetsa.fi\/wp-content\/uploads\/2022\/06\/yhteismetsa-en.svg\" alt=\"\" class=\"wp-image-3024\"\/><\/figure>\n\n\n\n<p class=\"has-text-align-center\">Transfer your forest to become part of the common owned AARI Common Forest.<\/p>\n\n\n\n<div class=\"wp-block-buttons is-content-justification-center is-layout-flex wp-container-core-buttons-is-layout-a89b3969 wp-block-buttons-is-layout-flex\">\n<div class=\"wp-block-button is-style-outline is-style-outline--4\"><a class=\"wp-block-button__link wp-element-button\" href=\"https:\/\/aarimetsa.fi\/en\/common-forest\/\">More about AARI Common Forest<\/a><\/div>\n<\/div>\n<\/div>\n\n\n\n<div class=\"wp-block-column text-center is-layout-flow wp-block-column-is-layout-flow\">\n<figure class=\"wp-block-image size-large\"><img decoding=\"async\" src=\"https:\/\/aarimetsa.fi\/wp-content\/uploads\/2022\/06\/hoitometsa-en.svg\" alt=\"\" class=\"wp-image-3027\"\/><\/figure>\n\n\n\n<p class=\"has-text-align-center\">You retain ownership of the property, but we manage and care for it as if it was one of our own.<\/p>\n\n\n\n<div class=\"wp-block-buttons is-content-justification-center is-layout-flex wp-container-core-buttons-is-layout-a89b3969 wp-block-buttons-is-layout-flex\">\n<div class=\"wp-block-button is-style-outline is-style-outline--5\"><a class=\"wp-block-button__link wp-element-button\" href=\"https:\/\/aarimetsa.fi\/en\/forest-care\/\">More about AARI Forest Care<\/a><\/div>\n<\/div>\n<\/div>\n\n\n\n<div class=\"wp-block-column text-center is-layout-flow wp-block-column-is-layout-flow\">\n<figure class=\"wp-block-image size-large\"><img loading=\"lazy\" decoding=\"async\" width=\"259\" height=\"276\" src=\"https:\/\/aarimetsa.fi\/wp-content\/uploads\/2023\/02\/metsan-myynti-en.svg\" alt=\"\" class=\"wp-image-3371\"\/><\/figure>\n\n\n\n<p class=\"has-text-align-center\">Sell your forest to become part of our growing AARI forest.<\/p>\n\n\n\n<div class=\"wp-block-buttons is-content-justification-center is-layout-flex wp-container-core-buttons-is-layout-a89b3969 wp-block-buttons-is-layout-flex\">\n<div class=\"wp-block-button is-style-outline is-style-outline--6\"><a class=\"wp-block-button__link wp-element-button\" href=\"https:\/\/aarimetsa.fi\/en\/forest-deal\/\">More about the sale of the forest<\/a><\/div>\n<\/div>\n<\/div>\n<\/div>\n<\/div>\n<\/div>\n\n\n\n<div style=\"height:13px\" aria-hidden=\"true\" class=\"wp-block-spacer\"><\/div>\n\n\n\n<div class=\"wp-block-group alignwide is-layout-flow wp-block-group-is-layout-flow\">\n<h2 class=\"wp-block-heading alignwide has-text-align-left\">Added value from forest management emphasizing natural values<\/h2>\n\n\n\n<p>We optimize the return on forest assets with high-quality forest management that emphasizes natural values and the best available planning tools. Our approach includes understandable and verifiable monitoring of economic returns, biodiversity, and carbon impact.<\/p>\n\n\n\n<div class=\"wp-block-buttons is-horizontal is-content-justification-left is-layout-flex wp-container-core-buttons-is-layout-1a09bdc8 wp-block-buttons-is-layout-flex\">\n<div class=\"wp-block-button\"><a class=\"wp-block-button__link wp-element-button\" href=\"https:\/\/aarimetsa.fi\/vastuullisuus\/\">Read more about responsible forest management<\/a><\/div>\n<\/div>\n\n\n\n<p class=\"has-text-align-left\">Practically, we combine the best aspects of partial cover forestry and traditional forest management methods, emphasizing forest growth, biodiversity, and carbon sequestration. The result is a structurally and species-diverse forest that is more resistant to climate change-induced forest damage. We use the AARI+ concept, where for every hectare managed, we protect the most valuable 100 square meters for biodiversity. Additionally, we emphasize mixed forest cultivation and utilize natural seedlings whenever it is justified for the health, growth, and diversity of the forests.&nbsp;<\/p>\n\n\n\n<p class=\"has-text-align-left\">In our operations, we consider the environment, people, and the economy, as is in line with the principles of sustainable development.&nbsp;<\/p>\n<\/div>\n\n\n\n<div style=\"height:0px\" aria-hidden=\"true\" class=\"wp-block-spacer\"><\/div>\n\n\n\n<div class=\"wp-block-group alignfull green-area margin-bottom-0 has-background-color has-custom-topbar-green-background-color has-text-color has-background is-layout-flow wp-block-group-is-layout-flow\">\n<div class=\"wp-block-group has-background-color has-text-color is-layout-constrained wp-container-core-group-is-layout-f843088e wp-block-group-is-layout-constrained\">\n<div style=\"height:40px\" aria-hidden=\"true\" class=\"wp-block-spacer\"><\/div>\n\n\n\n<h2 class=\"wp-block-heading has-background-color has-text-color translation-block\">At the core of sustainable development <span>balance of the whole<\/span><\/h2>\n\n\n\n<div style=\"height:40px\" aria-hidden=\"true\" class=\"wp-block-spacer\"><\/div>\n\n\n\n<div class=\"wp-block-columns is-layout-flex wp-container-core-columns-is-layout-c6bc58be wp-block-columns-is-layout-flex\" style=\"padding-top:0px;padding-right:0px;padding-bottom:0px;padding-left:0px\">\n<div class=\"wp-block-column is-layout-flow wp-block-column-is-layout-flow\">\n<h3 class=\"wp-block-heading has-background-color has-text-color\">Better financial returns<\/h3>\n\n\n\n<ul class=\"wp-block-list\">\n<li>Optimally targeted and timed harvests and maintenance work ensure value growth in the long term.<\/li>\n\n\n\n<li>Through economies of scale and price premiums, the best price for wood in every market situation.<\/li>\n<\/ul>\n\n\n\n<h3 class=\"wp-block-heading has-background-color has-text-color\">Increasing Carbon sequestration<\/h3>\n\n\n\n<ul class=\"wp-block-list\">\n<li>Compared to traditional forestry, significant additional carbon sequestration in both the forest stand and the soil.<\/li>\n<\/ul>\n\n\n\n<h3 class=\"wp-block-heading has-background-color has-text-color\">Recovering biodiversity<\/h3>\n\n\n\n<ul class=\"wp-block-list\">\n<li>More mixed forests and a higher proportion of deciduous trees.<\/li>\n\n\n\n<li>Monitoring the development of biodiversity using a biodiversity index that can be verified.<\/li>\n<\/ul>\n\n\n\n<h3 class=\"wp-block-heading has-background-color has-text-color\">Improved recreational opportunities<\/h3>\n\n\n\n<ul class=\"wp-block-list\">\n<li>Diverse recreational opportunities according to the age of the forest stands and the stages of care and management.<\/li>\n\n\n\n<li>A better habitat for people and animals.<\/li>\n<\/ul>\n<\/div>\n\n\n\n<div class=\"wp-block-column is-layout-flow wp-block-column-is-layout-flow\">\n<figure class=\"wp-block-image size-large\"><img decoding=\"async\" src=\"https:\/\/aarimetsa.fi\/wp-content\/uploads\/2022\/06\/image-tasapaino-graafi-en.svg\" alt=\"\" class=\"wp-image-2575\"\/><\/figure>\n\n\n\n<figure class=\"wp-block-image size-large\"><img decoding=\"async\" src=\"https:\/\/aarimetsa.fi\/wp-content\/uploads\/2022\/05\/image-tasapaino-image.svg\" alt=\"\" class=\"wp-image-2578\"\/><\/figure>\n<\/div>\n<\/div>\n<\/div>\n<\/div>\n\n\n\n<div class=\"wp-block-getwid-section alignfull kaisan-tarina alignfull getwid-section-content-custom-width\"><div class=\"wp-block-getwid-section__wrapper getwid-padding-top-large getwid-padding-bottom-large getwid-padding-left-medium getwid-padding-right-medium\"><div class=\"wp-block-getwid-section__inner-wrapper\" style=\"max-width:700px\"><div class=\"wp-block-getwid-section__background-holder\"><div class=\"wp-block-getwid-section__background\" style=\"background-image:url('https:\/\/aarimetsa.fi\/wp-content\/uploads\/2023\/01\/kaisan-tarina-liftup.jpg');background-position:top right;background-repeat:no-repeat\"><div class=\"wp-block-getwid-section__background-image-wrapper\"><img decoding=\"async\" class=\"wp-block-getwid-section__background-image\" src=\"https:\/\/aarimetsa.fi\/wp-content\/uploads\/2023\/01\/kaisan-tarina-liftup.jpg\" alt=\"\"\/><\/div><\/div><div class=\"wp-block-getwid-section__foreground\"><\/div><\/div><div class=\"wp-block-getwid-section__content\"><div class=\"wp-block-getwid-section__inner-content\">\n<div class=\"wp-block-getwid-advanced-heading\" style=\"margin-bottom:30px;margin-top:0px\"><h2 class=\"wp-block-getwid-advanced-heading__content has-text-color has-custom-yellow-color\" style=\"text-align:center;text-transform:uppercase\">Read Kaisa's story (FI)<\/h2><\/div>\n\n\n\n<p class=\"has-text-align-center has-background-color has-text-color\">AARI was chosen upon for two reasons. AARI Common Forest was ready to invest in protected forest as well, and the their professionalism convinced me.<\/p>\n\n\n\n<div class=\"wp-block-getwid-advanced-spacer\" style=\"height:20px\" aria-hidden=\"true\"><\/div>\n\n\n\n<div class=\"wp-block-button aligncenter is-style-outline is-style-outline--7\"><a class=\"wp-block-button__link has-text-color has-background wp-element-button\" href=\"https:\/\/aarimetsa.fi\/en\/articles\/kaisan-tarina\/\" style=\"color:#ffffff;background-color:#000000\">Read more<\/a><\/div>\n<\/div><\/div><\/div><\/div><\/div>\n\n\n\n\n\n\n\n\n\n<div class=\"wp-block-group alignfull newsletter-ordering has-background-color has-custom-green-background-color has-text-color has-background is-layout-flow wp-block-group-is-layout-flow\">\n<div class=\"wp-block-group is-layout-constrained wp-container-core-group-is-layout-f843088e wp-block-group-is-layout-constrained\">\n<div class=\"wp-block-columns newsletter-columns has-background-color has-text-color is-layout-flex wp-container-core-columns-is-layout-28f84493 wp-block-columns-is-layout-flex\">\n<div class=\"wp-block-column has-background-color has-text-color is-layout-flow wp-block-column-is-layout-flow\" style=\"flex-basis:33.33%\">\n<h2><span>Order AARI <span>newsletter<\/span><\/span><\/h2>\n<\/div>\n\n\n\n<div class=\"wp-block-column is-layout-flow wp-block-column-is-layout-flow\" style=\"flex-basis:66.66%\">\n<!-- Begin Mailchimp Signup Form -->\n    <form action=\"https:\/\/aarimetsa.us9.list-manage.com\/subscribe\/post?u=89ea4278d3e657fa3fa8404a4&amp;id=cb82335bc9&amp;f_id=001f13e1f0\" method=\"post\" id=\"mc-embedded-subscribe-form\" name=\"mc-embedded-subscribe-form\" class=\"validate wpforms-form\" target=\"_self\">\n        <div class=\"wpforms-field-container\">\n            <input type=\"email\" value=\"\" name=\"EMAIL\" class=\"required email\" id=\"mce-EMAIL\" placeholder=\"Email\" required=\"\">\n\t        <span id=\"mce-EMAIL-HELPERTEXT\" class=\"helper_text wpforms-field-description\">You will receive newsletter about forest topics on a regular basis.<\/span>\n<div hidden=\"true\"><input type=\"hidden\" name=\"tags\" value=\"12735740\"><\/div>\n            <div id=\"mce-responses\" class=\"clear foot\">\n                <div class=\"response\" id=\"mce-error-response\" style=\"display:none\"><\/div>\n                <div class=\"response\" id=\"mce-success-response\" style=\"display:none\"><\/div>\n            <\/div>    <!-- real people should not fill this in and expect good things - do not remove this or risk form bot signups-->\n            <div style=\"position: absolute; left: -5000px;\" aria-hidden=\"true\"><input type=\"text\" name=\"b_89ea4278d3e657fa3fa8404a4_cb82335bc9\" tabindex=\"-1\" value=\"\"><\/div>\n            <p class=\"brandingLogo\"><a href=\"http:\/\/eepurl.com\/idgP5T\" title=\"Mailchimp - email marketing made easy and fun\"><img decoding=\"async\" src=\"https:\/\/eep.io\/mc-cdn-images\/template_images\/branding_logo_text_dark_dtp.svg\"><\/a><\/p>\n        <\/div>\n        <div class=\"wpforms-submit-container\">\n            <input type=\"submit\" value=\"Subscribe\" name=\"subscribe\" id=\"mc-embedded-subscribe\" class=\"button\">\n        <\/div>\n<\/form>\n<!--End mc_embed_signup-->\n<\/div>\n<\/div>\n<\/div>\n<\/div>","protected":false},"excerpt":{"rendered":"<p>Kuinka voimme palvella? Siirr\u00e4 mets\u00e4si osaksi asiakkaidemme yhdess\u00e4 omistamaa AARI Yhteismets\u00e4\u00e4. Tee kanssamme Hoitomets\u00e4-sopimus. Hoidamme mets\u00e4\u00e4si kuin se olisi omamme. [&hellip;]<\/p>\n","protected":false},"author":15,"featured_media":0,"parent":0,"menu_order":0,"comment_status":"closed","ping_status":"closed","template":"page-no-separators","meta":{"_acf_changed":false,"_eb_attr":"","inline_featured_image":false,"footnotes":""},"class_list":["post-2084","page","type-page","status-publish","hentry"],"acf":[],"yoast_head":"<!-- This site is optimized with the Yoast SEO plugin v27.1.1 - https:\/\/yoast.com\/product\/yoast-seo-wordpress\/ -->\n<title>Mets\u00e4si Tulevaisuus - AARI Mets\u00e4<\/title>\n<meta name=\"description\" content=\"Miksi myisit mets\u00e4si kysym\u00e4tt\u00e4 tarjousta meilt\u00e4?\" \/>\n<meta name=\"robots\" content=\"index, follow, max-snippet:-1, max-image-preview:large, max-video-preview:-1\" \/>\n<link rel=\"canonical\" href=\"https:\/\/aarimetsa.fi\/en\/\" \/>\n<meta property=\"og:locale\" content=\"en_US\" \/>\n<meta property=\"og:type\" content=\"article\" \/>\n<meta property=\"og:title\" content=\"Mets\u00e4si Tulevaisuus - AARI Mets\u00e4\" \/>\n<meta property=\"og:description\" content=\"Miksi myisit mets\u00e4si kysym\u00e4tt\u00e4 tarjousta meilt\u00e4?\" \/>\n<meta property=\"og:url\" content=\"https:\/\/aarimetsa.fi\/en\/\" \/>\n<meta property=\"og:site_name\" content=\"AARI Mets\u00e4\" \/>\n<meta property=\"article:modified_time\" content=\"2026-03-05T08:46:59+00:00\" \/>\n<meta property=\"og:image\" content=\"https:\/\/aarimetsa.fi\/wp-content\/uploads\/2022\/05\/hero-home.jpg\" \/>\n\t<meta property=\"og:image:width\" content=\"1600\" \/>\n\t<meta property=\"og:image:height\" content=\"631\" \/>\n\t<meta property=\"og:image:type\" content=\"image\/jpeg\" \/>\n<meta name=\"twitter:card\" content=\"summary_large_image\" \/>\n<meta name=\"twitter:image\" content=\"https:\/\/aarimetsa.fi\/wp-content\/uploads\/2022\/05\/hero-home.jpg\" \/>\n<meta name=\"twitter:label1\" content=\"Est. reading time\" \/>\n\t<meta name=\"twitter:data1\" content=\"12 minutes\" \/>\n<script type=\"application\/ld+json\" class=\"yoast-schema-graph\">{\"@context\":\"https:\/\/schema.org\",\"@graph\":[{\"@type\":\"WebPage\",\"@id\":\"https:\/\/aarimetsa.fi\/\",\"url\":\"https:\/\/aarimetsa.fi\/\",\"name\":\"Mets\u00e4si Tulevaisuus - AARI Mets\u00e4\",\"isPartOf\":{\"@id\":\"https:\/\/aarimetsa.fi\/#website\"},\"primaryImageOfPage\":{\"@id\":\"https:\/\/aarimetsa.fi\/#primaryimage\"},\"image\":{\"@id\":\"https:\/\/aarimetsa.fi\/#primaryimage\"},\"thumbnailUrl\":\"https:\/\/aarimetsa.fi\/wp-content\/uploads\/2022\/06\/yhteismetsa-fi.svg\",\"datePublished\":\"2022-05-14T11:13:41+00:00\",\"dateModified\":\"2026-03-05T08:46:59+00:00\",\"description\":\"Miksi myisit mets\u00e4si kysym\u00e4tt\u00e4 tarjousta meilt\u00e4?\",\"breadcrumb\":{\"@id\":\"https:\/\/aarimetsa.fi\/#breadcrumb\"},\"inLanguage\":\"en-US\",\"potentialAction\":[{\"@type\":\"ReadAction\",\"target\":[\"https:\/\/aarimetsa.fi\/\"]}]},{\"@type\":\"ImageObject\",\"inLanguage\":\"en-US\",\"@id\":\"https:\/\/aarimetsa.fi\/#primaryimage\",\"url\":\"https:\/\/aarimetsa.fi\/wp-content\/uploads\/2022\/06\/yhteismetsa-fi.svg\",\"contentUrl\":\"https:\/\/aarimetsa.fi\/wp-content\/uploads\/2022\/06\/yhteismetsa-fi.svg\"},{\"@type\":\"BreadcrumbList\",\"@id\":\"https:\/\/aarimetsa.fi\/#breadcrumb\",\"itemListElement\":[{\"@type\":\"ListItem\",\"position\":1,\"name\":\"Etusivu\",\"item\":\"https:\/\/aarimetsa.fi\/\"},{\"@type\":\"ListItem\",\"position\":2,\"name\":\"Mets\u00e4si tulevaisuus\"}]},{\"@type\":\"WebSite\",\"@id\":\"https:\/\/aarimetsa.fi\/#website\",\"url\":\"https:\/\/aarimetsa.fi\/\",\"name\":\"AARI Mets\u00e4\",\"description\":\"Mets\u00e4si tulevaisuus\",\"publisher\":{\"@id\":\"https:\/\/aarimetsa.fi\/#organization\"},\"potentialAction\":[{\"@type\":\"SearchAction\",\"target\":{\"@type\":\"EntryPoint\",\"urlTemplate\":\"https:\/\/aarimetsa.fi\/?s={search_term_string}\"},\"query-input\":{\"@type\":\"PropertyValueSpecification\",\"valueRequired\":true,\"valueName\":\"search_term_string\"}}],\"inLanguage\":\"en-US\"},{\"@type\":\"Organization\",\"@id\":\"https:\/\/aarimetsa.fi\/#organization\",\"name\":\"AARI Mets\u00e4\",\"url\":\"https:\/\/aarimetsa.fi\/\",\"logo\":{\"@type\":\"ImageObject\",\"inLanguage\":\"en-US\",\"@id\":\"https:\/\/aarimetsa.fi\/#\/schema\/logo\/image\/\",\"url\":\"https:\/\/aarimetsa.fi\/wp-content\/uploads\/2021\/04\/aari-logo-for-seo.png\",\"contentUrl\":\"https:\/\/aarimetsa.fi\/wp-content\/uploads\/2021\/04\/aari-logo-for-seo.png\",\"width\":512,\"height\":512,\"caption\":\"AARI Mets\u00e4\"},\"image\":{\"@id\":\"https:\/\/aarimetsa.fi\/#\/schema\/logo\/image\/\"}}]}<\/script>\n<!-- \/ Yoast SEO plugin. -->","yoast_head_json":{"title":"Mets\u00e4si Tulevaisuus - AARI Mets\u00e4","description":"Why sell your forest without first asking us for an offer?","robots":{"index":"index","follow":"follow","max-snippet":"max-snippet:-1","max-image-preview":"max-image-preview:large","max-video-preview":"max-video-preview:-1"},"canonical":"https:\/\/aarimetsa.fi\/en\/","og_locale":"en_US","og_type":"article","og_title":"Mets\u00e4si Tulevaisuus - AARI Mets\u00e4","og_description":"Miksi myisit mets\u00e4si kysym\u00e4tt\u00e4 tarjousta meilt\u00e4?","og_url":"https:\/\/aarimetsa.fi\/en\/","og_site_name":"AARI Mets\u00e4","article_modified_time":"2026-03-05T08:46:59+00:00","og_image":[{"width":1600,"height":631,"url":"https:\/\/aarimetsa.fi\/wp-content\/uploads\/2022\/05\/hero-home.jpg","type":"image\/jpeg"}],"twitter_card":"summary_large_image","twitter_image":"https:\/\/aarimetsa.fi\/wp-content\/uploads\/2022\/05\/hero-home.jpg","twitter_misc":{"Est. reading time":"12 minutes"},"schema":{"@context":"https:\/\/schema.org","@graph":[{"@type":"WebPage","@id":"https:\/\/aarimetsa.fi\/","url":"https:\/\/aarimetsa.fi\/","name":"Mets\u00e4si Tulevaisuus - AARI Mets\u00e4","isPartOf":{"@id":"https:\/\/aarimetsa.fi\/#website"},"primaryImageOfPage":{"@id":"https:\/\/aarimetsa.fi\/#primaryimage"},"image":{"@id":"https:\/\/aarimetsa.fi\/#primaryimage"},"thumbnailUrl":"https:\/\/aarimetsa.fi\/wp-content\/uploads\/2022\/06\/yhteismetsa-fi.svg","datePublished":"2022-05-14T11:13:41+00:00","dateModified":"2026-03-05T08:46:59+00:00","description":"Why sell your forest without first asking us for an offer?","breadcrumb":{"@id":"https:\/\/aarimetsa.fi\/#breadcrumb"},"inLanguage":"en-US","potentialAction":[{"@type":"ReadAction","target":["https:\/\/aarimetsa.fi\/"]}]},{"@type":"ImageObject","inLanguage":"en-US","@id":"https:\/\/aarimetsa.fi\/#primaryimage","url":"https:\/\/aarimetsa.fi\/wp-content\/uploads\/2022\/06\/yhteismetsa-fi.svg","contentUrl":"https:\/\/aarimetsa.fi\/wp-content\/uploads\/2022\/06\/yhteismetsa-fi.svg"},{"@type":"BreadcrumbList","@id":"https:\/\/aarimetsa.fi\/#breadcrumb","itemListElement":[{"@type":"ListItem","position":1,"name":"Etusivu","item":"https:\/\/aarimetsa.fi\/"},{"@type":"ListItem","position":2,"name":"Mets\u00e4si tulevaisuus"}]},{"@type":"WebSite","@id":"https:\/\/aarimetsa.fi\/#website","url":"https:\/\/aarimetsa.fi\/","name":"AARI Mets\u00e4","description":"The future potential of your forest","publisher":{"@id":"https:\/\/aarimetsa.fi\/#organization"},"potentialAction":[{"@type":"SearchAction","target":{"@type":"EntryPoint","urlTemplate":"https:\/\/aarimetsa.fi\/?s={search_term_string}"},"query-input":{"@type":"PropertyValueSpecification","valueRequired":true,"valueName":"search_term_string"}}],"inLanguage":"en-US"},{"@type":"Organization","@id":"https:\/\/aarimetsa.fi\/#organization","name":"AARI Mets\u00e4","url":"https:\/\/aarimetsa.fi\/","logo":{"@type":"ImageObject","inLanguage":"en-US","@id":"https:\/\/aarimetsa.fi\/#\/schema\/logo\/image\/","url":"https:\/\/aarimetsa.fi\/wp-content\/uploads\/2021\/04\/aari-logo-for-seo.png","contentUrl":"https:\/\/aarimetsa.fi\/wp-content\/uploads\/2021\/04\/aari-logo-for-seo.png","width":512,"height":512,"caption":"AARI Mets\u00e4"},"image":{"@id":"https:\/\/aarimetsa.fi\/#\/schema\/logo\/image\/"}}]}},"_links":{"self":[{"href":"https:\/\/aarimetsa.fi\/en\/wp-json\/wp\/v2\/pages\/2084","targetHints":{"allow":["GET"]}}],"collection":[{"href":"https:\/\/aarimetsa.fi\/en\/wp-json\/wp\/v2\/pages"}],"about":[{"href":"https:\/\/aarimetsa.fi\/en\/wp-json\/wp\/v2\/types\/page"}],"author":[{"embeddable":true,"href":"https:\/\/aarimetsa.fi\/en\/wp-json\/wp\/v2\/users\/15"}],"replies":[{"embeddable":true,"href":"https:\/\/aarimetsa.fi\/en\/wp-json\/wp\/v2\/comments?post=2084"}],"version-history":[{"count":0,"href":"https:\/\/aarimetsa.fi\/en\/wp-json\/wp\/v2\/pages\/2084\/revisions"}],"wp:attachment":[{"href":"https:\/\/aarimetsa.fi\/en\/wp-json\/wp\/v2\/media?parent=2084"}],"curies":[{"name":"wp","href":"https:\/\/api.w.org\/{rel}","templated":true}]}}