{"id":3784,"date":"2025-06-12T11:28:32","date_gmt":"2025-06-12T08:28:32","guid":{"rendered":"https:\/\/aarimetsa.fi\/?page_id=3784"},"modified":"2025-06-19T16:51:23","modified_gmt":"2025-06-19T13:51:23","slug":"kilpailu","status":"publish","type":"page","link":"https:\/\/aarimetsa.fi\/en\/kilpailu\/","title":{"rendered":"Kilpailu"},"content":{"rendered":"<div class=\"wp-block-getwid-section alignfull hero alignfull getwid-section-content-custom-width\"><div class=\"wp-block-getwid-section__wrapper getwid-padding-top-large getwid-padding-bottom-large getwid-padding-left-medium getwid-padding-right-medium getwid-reset-min-height-tablet getwid-reset-min-height-mobile\" style=\"min-height:760px\"><div class=\"wp-block-getwid-section__inner-wrapper\" style=\"max-width:1400px\"><div class=\"wp-block-getwid-section__background-holder\"><div class=\"wp-block-getwid-section__background\" style=\"background-image:url('https:\/\/aarimetsa.fi\/wp-content\/uploads\/2025\/06\/DJI_0135-1-scaled.jpg')\"><div class=\"wp-block-getwid-section__background-image-wrapper\"><img decoding=\"async\" class=\"wp-block-getwid-section__background-image\" src=\"https:\/\/aarimetsa.fi\/wp-content\/uploads\/2025\/06\/DJI_0135-1-scaled.jpg\" alt=\"\"\/><\/div><\/div><div class=\"wp-block-getwid-section__foreground\" style=\"opacity:0.21;background-color:#000000\"><\/div><\/div><div class=\"wp-block-getwid-section__content\"><div class=\"wp-block-getwid-section__inner-content\">\n<div class=\"wp-block-getwid-advanced-heading\" style=\"margin-bottom:30px;margin-top:10px\"><h2 class=\"wp-block-getwid-advanced-heading__content has-text-color\" style=\"text-align:left;color:#ffffff\">AARI Mets\u00e4n sosiaalisen median kilpailu ja arvonnan osallistumisohjeet sek\u00e4 s\u00e4\u00e4nn\u00f6t<\/h2><\/div>\n<\/div><\/div><\/div><\/div><\/div>\n\n\n\n<div style=\"height:40px\" aria-hidden=\"true\" class=\"wp-block-spacer\"><\/div>\n\n\n\n<div class=\"wp-block-group alignwide is-layout-flow wp-block-group-is-layout-flow\">\n<h2 class=\"wp-block-heading\">Tonttiarvonta<\/h2>\n\n\n\n<p><strong>Osallistumisaika<\/strong><br><br>19.6. &#8211; 8.8.2025<\/p>\n\n\n\n<p><br><strong>J\u00e4rjest\u00e4j\u00e4<\/strong><\/p>\n\n\n\n<p>AARI Mets\u00e4 \/ Conifer Consulting Oy<\/p>\n\n\n\n<p><br><strong>Palkinto, osallistuminen ja voittajan valinta<\/strong><\/p>\n\n\n\n<p>Arvomme upean rantatontin Suomen keskipisteest\u00e4! T\u00e4m\u00e4 etel\u00e4\u00e4n p\u00e4in aukeava, lomarakennukselle kaavoitettu vapaa-ajan rakennuspaikka sijaitsee Hyrynsalmella ison ja puhdasvetisen Luvanj\u00e4rven rannalla. Hyrynsalmi on tunnettu kauniista vaaramaisemistaan, Ukkohallan monipuolisesta laskettelukeskuksesta ja joka kes\u00e4 j\u00e4rjestett\u00e4vist\u00e4 Suopotkupallon MM-kisoista. Hyrynsalmi onkin todellisen luonnonrauhaa ja ymp\u00e4rist\u00f6yst\u00e4v\u00e4llist\u00e4 el\u00e4m\u00e4ntapaa arvostavan lomanviett\u00e4j\u00e4n unelmakohde.<\/p>\n\n\n\n<p>T\u00e4ll\u00e4 tontilla ei ole l\u00e4hinaapureita, joten saat nauttia kes\u00e4y\u00f6n tyyneydest\u00e4 omassa rauhassa. Arvottavaan tonttiin kuuluu my\u00f6s pieni\u00e4 saaria, joissa voit kuunnella kuikan huutoa yli j\u00e4rvensel\u00e4n.<\/p>\n\n\n\n<p>Arvontaan osallistutaan AARI Mets\u00e4n Facebook-sivulla tai Instagram-tilill\u00e4 kommentoimalla arvontajulkaisua ja seuraamalla j\u00e4rjest\u00e4j\u00e4n sometili\u00e4. Arvontaan voi osallistua kaikki 18 vuotta t\u00e4ytt\u00e4neet Suomen tai jonkun muun EU-maan kansalaiset. Arvontaan voivat osallistua henkil\u00f6t, joiden oikeustoimikelpoisuutta kiinteist\u00f6n lahjoituksen suhteen ei ole rajoitettu. <\/p>\n\n\n\n<p>Palkintoa ei voi vaihtaa rahaksi. Arvontaan voi osallistua torstaihin 7.8.2025 klo 23.59 asti. Arvonta suoritetaan perjantaina 8.8.2025. Voittajalle ilmoitetaan henkil\u00f6kohtaisesti.  <\/p>\n\n\n\n<p>Facebookissa ja Instagramissa on liikkeell\u00e4 paljon valearvontoja. Huomioithan, ett\u00e4 me emme ikin\u00e4 pyyd\u00e4 sinua arvonnassa klikkaamaan mit\u00e4\u00e4n linkkej\u00e4.<\/p>\n\n\n\n<p><a href=\"https:\/\/www.facebook.com\/aarimetsa\">AARI Mets\u00e4 Facebookissa.<\/a><\/p>\n\n\n\n<p><a href=\"https:\/\/www.instagram.com\/aarimetsa\/\">AARI Mets\u00e4 Instagramissa.<\/a><\/p>\n\n\n\n<p><strong>Lis\u00e4tietoa tontista<\/strong><\/p>\n\n\n\n<p>Tontti sijaitsee T\u00f6risev\u00e4n ranta-asemakaavan alueella. Kaavam\u00e4\u00e4r\u00e4yksen mukaan rakennuspaikalle saa rakentaa yhden yksiasuntoisen, yksikerroksisen loma-asuntorakennuksen sek\u00e4 yksikerroksiset sauna- ja talousrakennukset. Erillisten rakennusten lukum\u00e4\u00e4r\u00e4 saa olla enint\u00e4\u00e4n kolme ja niiden yhteenlaskettu kerrosala enint\u00e4\u00e4n 120 kerrosalaneli\u00f6metri\u00e4. Loma-asunnon kerrosala saa olla enint\u00e4\u00e4n 80 m\u00b2, saunan 25 m\u00b2 ja muun talousrakennuksen 20 m\u00b2. Arvottavan tontin koko on 1,12 hehtaaria.<\/p>\n\n\n\n<p>Tontti luovutetaan m\u00e4\u00e4r\u00e4alana kiinteist\u00f6st\u00e4 T\u00d6RISEV\u00c4 105-403-3-28. Tontti sijaitsee: <a href=\"https:\/\/maps.app.goo.gl\/QYafEp1RjC8d8g2e8\" target=\"_blank\" rel=\"noreferrer noopener\">https:\/\/maps.app.goo.gl\/QYafEp1RjC8d8g2e8<\/a> <br><br>Hyrynsalmen kunnan rakennusj\u00e4rjestys ja kaavakartta ja kaavam\u00e4\u00e4r\u00e4ykset:<\/p>\n\n\n\n<ul class=\"wp-block-list\">\n<li>T\u00f6risev\u00e4n ranta-asemakaavaan:&nbsp;<a href=\"https:\/\/www.hyrynsalmi.fi\/images\/T%C3%B6risev%C3%A4.PDF\" target=\"_blank\" rel=\"noreferrer noopener\">https:\/\/www.hyrynsalmi.fi\/images\/T%C3%B6risev%C3%A4.PDF<\/a><\/li>\n<\/ul>\n\n\n\n<ul class=\"wp-block-list\">\n<li>Luvanj\u00e4rven yleiskaavaan (jota yll\u00e4 oleva T\u00f6risev\u00e4n ranta-asemakaava tarkentaa):&nbsp;<a href=\"https:\/\/www.hyrynsalmi.fi\/images\/Luvanj%C3%A4rven%20-sivu%201.pdf\" target=\"_blank\" rel=\"noreferrer noopener\">https:\/\/www.hyrynsalmi.fi\/images\/Luvanj%C3%A4rven%20-sivu%201.pdf<\/a><\/li>\n<\/ul>\n\n\n\n<ul class=\"wp-block-list\">\n<li>Rakennusj\u00e4rjestykseen:&nbsp;<a href=\"https:\/\/www.hyrynsalmi.fi\/images\/rakennusvalvonta\/1-rakennusjarjestys.pdf\" target=\"_blank\" rel=\"noreferrer noopener\">https:\/\/www.hyrynsalmi.fi\/images\/rakennusvalvonta\/1-rakennusjarjestys.pdf<\/a><\/li>\n<\/ul>\n\n\n\n<p>Kiinteist\u00f6n omistaa Conifer Consulting Oy, joka vastaa m\u00e4\u00e4r\u00e4alan lohkomiskustannuksista. Conifer Consulting Oy vastaa my\u00f6s tontin kaupanvahvistajan palkkiosta, luovutuskirjan laadintakustannuksista, lainhuudatuskuluista sek\u00e4 arpajais- ett\u00e4 varainsiirtoverosta. Tontin luovutus tehd\u00e4\u00e4n ensisijaisesti kiinteist\u00f6vaihdannan palvelussa, mutta my\u00f6s luovutuskirjan allekirjoitus fyysisesti on mahdollista. Mik\u00e4li arvonnan voittaja haluaa allekirjoittaa itse luovutuskirjan, vastaa h\u00e4n kustannuksista, jotka syntyv\u00e4t allekirjoitustilaisuuteen saapumisesta. <\/p>\n\n\n\n<p>Voittaja on tietoinen, ett\u00e4 tontti tulee lohkottuna kiinteist\u00f6verotuksen piiriin, tontti kuuluu yksityistien tiekuntaan ja tontilla tullaan m\u00e4\u00e4r\u00e4\u00e4m\u00e4\u00e4n tienhoitomaksu.<\/p>\n\n\n\n<p>Palkintoa ei luovuteta alle 18-vuotiaalle, pakotelistalla olevalle tai muuten vajaavaltaiseksi todetulle henkil\u00f6lle. Voittajan on oltava oikeustoimikelpoinen Suomen tai jonkun muun EU-maan kansalainen.<\/p>\n\n\n\n<p><strong>Voitosta ilmoittaminen<\/strong><\/p>\n\n\n\n<p>Voitosta ilmoitetaan yksityisviestill\u00e4 voittajalle joko Facebookissa tai Instagramissa. Voittajalla on viisi (5) arkip\u00e4iv\u00e4\u00e4 aikaa vastata yksityisviestiin omilla yhteystiedoillaan, jotta tontin luovutusprosessi saadaan k\u00e4yntiin. Mik\u00e4li voittaja ei vastaa viestiin viiden (5) arkip\u00e4iv\u00e4n kuluessa, palkinto katsotaan lunastamatta j\u00e4tetyksi, eik\u00e4 J\u00e4rjest\u00e4j\u00e4ll\u00e4 ole velvollisuutta toimittaa sit\u00e4.<\/p>\n\n\n\n<p><strong>Tietojen luovuttaminen<\/strong><\/p>\n\n\n\n<p><strong><a href=\"https:\/\/aarimetsa.fi\/en\/privacy-policy\/\">AARI Mets\u00e4n tietosuoja- ja asiakasrekisterit<\/a><\/strong><\/p>\n\n\n\n<p>Arvonta ei ole Facebookin, Instagramin tai vastaavan median sponsoroima, suosittelema tai hallinnoima eik\u00e4 mill\u00e4\u00e4n tavalla liity Facebookiin, Instagramiin tai vastaavaan mediaan. Osallistuja antaa tietonsa ainoastaan j\u00e4rjest\u00e4j\u00e4n k\u00e4ytt\u00f6\u00f6n, ei Facebookin, Instagramin tai vastaavan median.<\/p>\n\n\n\n<p>Helsingiss\u00e4 19.6.2025<\/p>\n\n\n\n<p>AARI Mets\u00e4 Oy \/ Conifer Consulting Oy<\/p>\n\n\n\n<figure class=\"wp-block-video\"><video height=\"1080\" style=\"aspect-ratio: 1080 \/ 1080;\" width=\"1080\" controls src=\"https:\/\/aarimetsa.fi\/wp-content\/uploads\/2025\/06\/Aari-arvonta.mp4\"><\/video><\/figure>\n\n\n\n<figure class=\"wp-block-image size-large\"><img loading=\"lazy\" decoding=\"async\" width=\"1024\" height=\"768\" src=\"https:\/\/aarimetsa.fi\/wp-content\/uploads\/2025\/06\/DJI_0135-1-1024x768.jpg\" alt=\"\" class=\"wp-image-3800\" srcset=\"https:\/\/aari.wpenginepowered.com\/wp-content\/uploads\/2025\/06\/DJI_0135-1-1024x768.jpg 1024w, https:\/\/aari.wpenginepowered.com\/wp-content\/uploads\/2025\/06\/DJI_0135-1-300x225.jpg 300w, https:\/\/aari.wpenginepowered.com\/wp-content\/uploads\/2025\/06\/DJI_0135-1-768x576.jpg 768w, https:\/\/aari.wpenginepowered.com\/wp-content\/uploads\/2025\/06\/DJI_0135-1-1536x1152.jpg 1536w, https:\/\/aari.wpenginepowered.com\/wp-content\/uploads\/2025\/06\/DJI_0135-1-2048x1536.jpg 2048w, https:\/\/aari.wpenginepowered.com\/wp-content\/uploads\/2025\/06\/DJI_0135-1-16x12.jpg 16w\" sizes=\"auto, (max-width: 1024px) 100vw, 1024px\" \/><figcaption class=\"wp-element-caption\">Arvottava niemennokka.<\/figcaption><\/figure>\n\n\n\n<figure class=\"wp-block-image size-large\"><img loading=\"lazy\" decoding=\"async\" width=\"1024\" height=\"768\" src=\"https:\/\/aarimetsa.fi\/wp-content\/uploads\/2025\/06\/DJI_0139-1024x768.jpg\" alt=\"\" class=\"wp-image-3799\" srcset=\"https:\/\/aari.wpenginepowered.com\/wp-content\/uploads\/2025\/06\/DJI_0139-1024x768.jpg 1024w, https:\/\/aari.wpenginepowered.com\/wp-content\/uploads\/2025\/06\/DJI_0139-300x225.jpg 300w, https:\/\/aari.wpenginepowered.com\/wp-content\/uploads\/2025\/06\/DJI_0139-768x576.jpg 768w, https:\/\/aari.wpenginepowered.com\/wp-content\/uploads\/2025\/06\/DJI_0139-1536x1152.jpg 1536w, https:\/\/aari.wpenginepowered.com\/wp-content\/uploads\/2025\/06\/DJI_0139-2048x1536.jpg 2048w, https:\/\/aari.wpenginepowered.com\/wp-content\/uploads\/2025\/06\/DJI_0139-16x12.jpg 16w\" sizes=\"auto, (max-width: 1024px) 100vw, 1024px\" \/><\/figure>\n\n\n\n<figure class=\"wp-block-image size-large\"><img loading=\"lazy\" decoding=\"async\" width=\"1024\" height=\"768\" src=\"https:\/\/aarimetsa.fi\/wp-content\/uploads\/2025\/06\/DJI_0141-1024x768.jpg\" alt=\"\" class=\"wp-image-3798\" srcset=\"https:\/\/aari.wpenginepowered.com\/wp-content\/uploads\/2025\/06\/DJI_0141-1024x768.jpg 1024w, https:\/\/aari.wpenginepowered.com\/wp-content\/uploads\/2025\/06\/DJI_0141-300x225.jpg 300w, https:\/\/aari.wpenginepowered.com\/wp-content\/uploads\/2025\/06\/DJI_0141-768x576.jpg 768w, https:\/\/aari.wpenginepowered.com\/wp-content\/uploads\/2025\/06\/DJI_0141-1536x1152.jpg 1536w, https:\/\/aari.wpenginepowered.com\/wp-content\/uploads\/2025\/06\/DJI_0141-2048x1536.jpg 2048w, https:\/\/aari.wpenginepowered.com\/wp-content\/uploads\/2025\/06\/DJI_0141-16x12.jpg 16w\" sizes=\"auto, (max-width: 1024px) 100vw, 1024px\" \/><figcaption class=\"wp-element-caption\">DCIM101MEDIADJI_0141.JPG<\/figcaption><\/figure>\n<\/div>\n\n\n\n<div style=\"height:40px\" aria-hidden=\"true\" class=\"wp-block-spacer\"><\/div>","protected":false},"excerpt":{"rendered":"<p>Tonttiarvonta Osallistumisaika 19.6. &#8211; 8.8.2025 J\u00e4rjest\u00e4j\u00e4 AARI Mets\u00e4 \/ Conifer Consulting Oy Palkinto, osallistuminen ja voittajan valinta Arvomme upean rantatontin [&hellip;]<\/p>\n","protected":false},"author":19,"featured_media":3800,"parent":0,"menu_order":0,"comment_status":"closed","ping_status":"closed","template":"page-no-separators","meta":{"_acf_changed":false,"_eb_attr":"","inline_featured_image":false,"footnotes":""},"class_list":["post-3784","page","type-page","status-publish","has-post-thumbnail","hentry"],"acf":[],"yoast_head":"<!-- This site is optimized with the Yoast SEO plugin v27.4 - https:\/\/yoast.com\/product\/yoast-seo-wordpress\/ -->\n<title>Kest\u00e4v\u00e4 Mets\u00e4nhoito - AARI Mets\u00e4<\/title>\n<meta name=\"description\" content=\"Asiantuntevan ja jokaiseen mets\u00e4palstaan yksil\u00f6llisesti sovitetun mets\u00e4nhoitomme avulla p\u00e4\u00e4set parempaan mets\u00e4omaisuuden tuottoon.\" \/>\n<meta name=\"robots\" content=\"noindex, follow\" \/>\n<meta property=\"og:locale\" content=\"en_US\" \/>\n<meta property=\"og:type\" content=\"article\" \/>\n<meta property=\"og:title\" content=\"Kest\u00e4v\u00e4 Mets\u00e4nhoito - AARI Mets\u00e4\" \/>\n<meta property=\"og:description\" content=\"Asiantuntevan ja jokaiseen mets\u00e4palstaan yksil\u00f6llisesti sovitetun mets\u00e4nhoitomme avulla p\u00e4\u00e4set parempaan mets\u00e4omaisuuden tuottoon.\" \/>\n<meta property=\"og:url\" content=\"https:\/\/aarimetsa.fi\/en\/kilpailu\/\" \/>\n<meta property=\"og:site_name\" content=\"AARI Mets\u00e4\" \/>\n<meta property=\"article:modified_time\" content=\"2025-06-19T13:51:23+00:00\" \/>\n<meta property=\"og:image\" content=\"https:\/\/aarimetsa.fi\/wp-content\/uploads\/2025\/06\/DJI_0135-1-scaled.jpg\" \/>\n\t<meta property=\"og:image:width\" content=\"2560\" \/>\n\t<meta property=\"og:image:height\" content=\"1920\" \/>\n\t<meta property=\"og:image:type\" content=\"image\/jpeg\" \/>\n<meta name=\"twitter:card\" content=\"summary_large_image\" \/>\n<meta name=\"twitter:label1\" content=\"Est. reading time\" \/>\n\t<meta name=\"twitter:data1\" content=\"4 minutes\" \/>\n<script type=\"application\/ld+json\" class=\"yoast-schema-graph\">{\"@context\":\"https:\\\/\\\/schema.org\",\"@graph\":[{\"@type\":\"WebPage\",\"@id\":\"https:\\\/\\\/aarimetsa.fi\\\/kilpailu\\\/\",\"url\":\"https:\\\/\\\/aarimetsa.fi\\\/kilpailu\\\/\",\"name\":\"Kest\u00e4v\u00e4 Mets\u00e4nhoito - AARI Mets\u00e4\",\"isPartOf\":{\"@id\":\"https:\\\/\\\/aarimetsa.fi\\\/#website\"},\"primaryImageOfPage\":{\"@id\":\"https:\\\/\\\/aarimetsa.fi\\\/kilpailu\\\/#primaryimage\"},\"image\":{\"@id\":\"https:\\\/\\\/aarimetsa.fi\\\/kilpailu\\\/#primaryimage\"},\"thumbnailUrl\":\"https:\\\/\\\/aarimetsa.fi\\\/wp-content\\\/uploads\\\/2025\\\/06\\\/DJI_0135-1-scaled.jpg\",\"datePublished\":\"2025-06-12T08:28:32+00:00\",\"dateModified\":\"2025-06-19T13:51:23+00:00\",\"description\":\"Asiantuntevan ja jokaiseen mets\u00e4palstaan yksil\u00f6llisesti sovitetun mets\u00e4nhoitomme avulla p\u00e4\u00e4set parempaan mets\u00e4omaisuuden tuottoon.\",\"breadcrumb\":{\"@id\":\"https:\\\/\\\/aarimetsa.fi\\\/kilpailu\\\/#breadcrumb\"},\"inLanguage\":\"en-US\",\"potentialAction\":[{\"@type\":\"ReadAction\",\"target\":[\"https:\\\/\\\/aarimetsa.fi\\\/kilpailu\\\/\"]}]},{\"@type\":\"ImageObject\",\"inLanguage\":\"en-US\",\"@id\":\"https:\\\/\\\/aarimetsa.fi\\\/kilpailu\\\/#primaryimage\",\"url\":\"https:\\\/\\\/aarimetsa.fi\\\/wp-content\\\/uploads\\\/2025\\\/06\\\/DJI_0135-1-scaled.jpg\",\"contentUrl\":\"https:\\\/\\\/aarimetsa.fi\\\/wp-content\\\/uploads\\\/2025\\\/06\\\/DJI_0135-1-scaled.jpg\",\"width\":2560,\"height\":1920,\"caption\":\"DCIM\\\\101MEDIA\\\\DJI_0135.JPG\"},{\"@type\":\"BreadcrumbList\",\"@id\":\"https:\\\/\\\/aarimetsa.fi\\\/kilpailu\\\/#breadcrumb\",\"itemListElement\":[{\"@type\":\"ListItem\",\"position\":1,\"name\":\"Etusivu\",\"item\":\"https:\\\/\\\/aarimetsa.fi\\\/\"},{\"@type\":\"ListItem\",\"position\":2,\"name\":\"Kilpailu\"}]},{\"@type\":\"WebSite\",\"@id\":\"https:\\\/\\\/aarimetsa.fi\\\/#website\",\"url\":\"https:\\\/\\\/aarimetsa.fi\\\/\",\"name\":\"AARI Mets\u00e4\",\"description\":\"Mets\u00e4si tulevaisuus\",\"publisher\":{\"@id\":\"https:\\\/\\\/aarimetsa.fi\\\/#organization\"},\"potentialAction\":[{\"@type\":\"SearchAction\",\"target\":{\"@type\":\"EntryPoint\",\"urlTemplate\":\"https:\\\/\\\/aarimetsa.fi\\\/?s={search_term_string}\"},\"query-input\":{\"@type\":\"PropertyValueSpecification\",\"valueRequired\":true,\"valueName\":\"search_term_string\"}}],\"inLanguage\":\"en-US\"},{\"@type\":\"Organization\",\"@id\":\"https:\\\/\\\/aarimetsa.fi\\\/#organization\",\"name\":\"AARI Mets\u00e4\",\"url\":\"https:\\\/\\\/aarimetsa.fi\\\/\",\"logo\":{\"@type\":\"ImageObject\",\"inLanguage\":\"en-US\",\"@id\":\"https:\\\/\\\/aarimetsa.fi\\\/#\\\/schema\\\/logo\\\/image\\\/\",\"url\":\"https:\\\/\\\/aarimetsa.fi\\\/wp-content\\\/uploads\\\/2021\\\/04\\\/aari-logo-for-seo.png\",\"contentUrl\":\"https:\\\/\\\/aarimetsa.fi\\\/wp-content\\\/uploads\\\/2021\\\/04\\\/aari-logo-for-seo.png\",\"width\":512,\"height\":512,\"caption\":\"AARI Mets\u00e4\"},\"image\":{\"@id\":\"https:\\\/\\\/aarimetsa.fi\\\/#\\\/schema\\\/logo\\\/image\\\/\"}}]}<\/script>\n<!-- \/ Yoast SEO plugin. -->","yoast_head_json":{"title":"Kest\u00e4v\u00e4 Mets\u00e4nhoito - AARI Mets\u00e4","description":"The objective of our forest management strategy is to maximize value growth and thus the total long-term return on your investment.","robots":{"index":"noindex","follow":"follow"},"og_locale":"en_US","og_type":"article","og_title":"Kest\u00e4v\u00e4 Mets\u00e4nhoito - AARI Mets\u00e4","og_description":"Asiantuntevan ja jokaiseen mets\u00e4palstaan yksil\u00f6llisesti sovitetun mets\u00e4nhoitomme avulla p\u00e4\u00e4set parempaan mets\u00e4omaisuuden tuottoon.","og_url":"https:\/\/aarimetsa.fi\/en\/kilpailu\/","og_site_name":"AARI Mets\u00e4","article_modified_time":"2025-06-19T13:51:23+00:00","og_image":[{"width":2560,"height":1920,"url":"https:\/\/aarimetsa.fi\/wp-content\/uploads\/2025\/06\/DJI_0135-1-scaled.jpg","type":"image\/jpeg"}],"twitter_card":"summary_large_image","twitter_misc":{"Est. reading time":"4 minutes"},"schema":{"@context":"https:\/\/schema.org","@graph":[{"@type":"WebPage","@id":"https:\/\/aarimetsa.fi\/kilpailu\/","url":"https:\/\/aarimetsa.fi\/kilpailu\/","name":"Kest\u00e4v\u00e4 Mets\u00e4nhoito - AARI Mets\u00e4","isPartOf":{"@id":"https:\/\/aarimetsa.fi\/#website"},"primaryImageOfPage":{"@id":"https:\/\/aarimetsa.fi\/kilpailu\/#primaryimage"},"image":{"@id":"https:\/\/aarimetsa.fi\/kilpailu\/#primaryimage"},"thumbnailUrl":"https:\/\/aarimetsa.fi\/wp-content\/uploads\/2025\/06\/DJI_0135-1-scaled.jpg","datePublished":"2025-06-12T08:28:32+00:00","dateModified":"2025-06-19T13:51:23+00:00","description":"The objective of our forest management strategy is to maximize value growth and thus the total long-term return on your investment.","breadcrumb":{"@id":"https:\/\/aarimetsa.fi\/kilpailu\/#breadcrumb"},"inLanguage":"en-US","potentialAction":[{"@type":"ReadAction","target":["https:\/\/aarimetsa.fi\/kilpailu\/"]}]},{"@type":"ImageObject","inLanguage":"en-US","@id":"https:\/\/aarimetsa.fi\/kilpailu\/#primaryimage","url":"https:\/\/aarimetsa.fi\/wp-content\/uploads\/2025\/06\/DJI_0135-1-scaled.jpg","contentUrl":"https:\/\/aarimetsa.fi\/wp-content\/uploads\/2025\/06\/DJI_0135-1-scaled.jpg","width":2560,"height":1920,"caption":"DCIM\\101MEDIA\\DJI_0135.JPG"},{"@type":"BreadcrumbList","@id":"https:\/\/aarimetsa.fi\/kilpailu\/#breadcrumb","itemListElement":[{"@type":"ListItem","position":1,"name":"Etusivu","item":"https:\/\/aarimetsa.fi\/"},{"@type":"ListItem","position":2,"name":"Kilpailu"}]},{"@type":"WebSite","@id":"https:\/\/aarimetsa.fi\/#website","url":"https:\/\/aarimetsa.fi\/","name":"AARI Mets\u00e4","description":"The future potential of your forest","publisher":{"@id":"https:\/\/aarimetsa.fi\/#organization"},"potentialAction":[{"@type":"SearchAction","target":{"@type":"EntryPoint","urlTemplate":"https:\/\/aarimetsa.fi\/?s={search_term_string}"},"query-input":{"@type":"PropertyValueSpecification","valueRequired":true,"valueName":"search_term_string"}}],"inLanguage":"en-US"},{"@type":"Organization","@id":"https:\/\/aarimetsa.fi\/#organization","name":"AARI Mets\u00e4","url":"https:\/\/aarimetsa.fi\/","logo":{"@type":"ImageObject","inLanguage":"en-US","@id":"https:\/\/aarimetsa.fi\/#\/schema\/logo\/image\/","url":"https:\/\/aarimetsa.fi\/wp-content\/uploads\/2021\/04\/aari-logo-for-seo.png","contentUrl":"https:\/\/aarimetsa.fi\/wp-content\/uploads\/2021\/04\/aari-logo-for-seo.png","width":512,"height":512,"caption":"AARI Mets\u00e4"},"image":{"@id":"https:\/\/aarimetsa.fi\/#\/schema\/logo\/image\/"}}]}},"_links":{"self":[{"href":"https:\/\/aarimetsa.fi\/en\/wp-json\/wp\/v2\/pages\/3784","targetHints":{"allow":["GET"]}}],"collection":[{"href":"https:\/\/aarimetsa.fi\/en\/wp-json\/wp\/v2\/pages"}],"about":[{"href":"https:\/\/aarimetsa.fi\/en\/wp-json\/wp\/v2\/types\/page"}],"author":[{"embeddable":true,"href":"https:\/\/aarimetsa.fi\/en\/wp-json\/wp\/v2\/users\/19"}],"replies":[{"embeddable":true,"href":"https:\/\/aarimetsa.fi\/en\/wp-json\/wp\/v2\/comments?post=3784"}],"version-history":[{"count":0,"href":"https:\/\/aarimetsa.fi\/en\/wp-json\/wp\/v2\/pages\/3784\/revisions"}],"wp:featuredmedia":[{"embeddable":true,"href":"https:\/\/aarimetsa.fi\/en\/wp-json\/wp\/v2\/media\/3800"}],"wp:attachment":[{"href":"https:\/\/aarimetsa.fi\/en\/wp-json\/wp\/v2\/media?parent=3784"}],"curies":[{"name":"wp","href":"https:\/\/api.w.org\/{rel}","templated":true}]}}